{"id":6,"date":"2019-12-04T11:44:31","date_gmt":"2019-12-04T10:44:31","guid":{"rendered":"https:\/\/dobraczastka.pl\/?page_id=6"},"modified":"2023-11-20T14:53:46","modified_gmt":"2023-11-20T13:53:46","slug":"nowe-muzeum-sztuki-nowoczesnej-otwarlo-swoje-powoje","status":"publish","type":"page","link":"https:\/\/dobraczastka.com.pl\/","title":{"rendered":"dobraczastka.com.pl"},"content":{"rendered":"<div class=\"wp-block-group__inner-container\">\n<h3 class=\"has-text-align-center\">\u201eA odpowiadaj\u0105c rzek\u0142 do niej Pan: Marto, Marto, troszczysz si\u0119 i k\u0142opoczesz o wiele rzeczy; <strong>niewiele za\u015b potrzeba, bo tylko jednego;<\/strong> <strong>Maria<\/strong> <strong>bowiem dobr\u0105 cz\u0105stk\u0119 wybra\u0142a, kt\u00f3ra nie b\u0119dzie jej odj\u0119ta.<\/strong>\u201d<\/h3>\n<h3 class=\"has-text-align-center\">(\u0141k 10:41-42)<\/h3>\n<\/div>\n<p align=\"JUSTIFY\"><span style=\"color: #000000;\"><span style=\"font-family: Verdana, sans-serif;\">My kobiety mamy wiele na g\u0142owie. Praca, dom, rodzina, s\u0142u\u017cba, zakupy, spotkania, problemy, rachunki, lekarze, szko\u0142a etc. Wydaje si\u0119, \u017ce lista nigdy si\u0119 nie ko\u0144czy. B\u00f3g stworzy\u0142 nas, kobiety tak cudownie, \u017ce da\u0142 nam wielozadaniowe m\u00f3zgi. \ud83d\ude42 Bo to On, jako Stw\u00f3rca, wiedzia\u0142 jak wyposa\u017cy\u0107 swoje stworzenie, by najlepiej spe\u0142nia\u0142o zadanie, kt\u00f3re mu powierzy\u0142. A wiemy, jak zabiegane, jak wype\u0142nione po brzegi \u017cycie mo\u017ce by\u0107. I jak \u0142atwo jest si\u0119 w tym \u201et\u0142oku spraw\u201d pogubi\u0107. Jak szybko mo\u017cna zaniedba\u0107 t\u0105 jedn\u0105 rzecz, kt\u00f3ra jest nam niezb\u0119dna, t\u0119 <strong><i>dobr\u0105 cz\u0105stk\u0119<\/i>,<\/strong> kt\u00f3ra nie zostanie nam odj\u0119ta. Jak \u0142atwo niestety \u201eodpu\u015bci\u0107\u201d codzienne czytanie S\u0142owa, codzienn\u0105 modlitw\u0119, cotygodniowe spotkania z wierz\u0105cymi. I tak mija tydzie\u0144, potem dwa, potem ju\u017c miesi\u0105c&#8230;rok.<\/span><\/span><\/p>\n<p align=\"JUSTIFY\"><span style=\"color: #000000;\"><span style=\"font-family: Verdana, sans-serif;\">I nagle tw\u00f3j duchowy cz\u0142owiek jest tak niedo\u017cywiony z\u00a0 braku duchowego pokarmu, \u017ce ledwie s\u0142yszysz jego g\u0142os. I wchodzisz na\u201d duchow\u0105 pustyni\u0119\u201d, gdzie\u00a0 nasz przeciwnik diabe\u0142\u00a0 ma woln\u0105 r\u0119k\u0119 by sia\u0107 w twojej g\u0142owie i sercu zw\u0105tpienie oraz gorycz. On wie, \u017ce nie mo\u017ce zabra\u0107 twojego zbawienia, ale mo\u017ce zabra\u0107 twoj\u0105 rado\u015b\u0107 i uczyni\u0107 ci\u0119 gnu\u015bn\u0105, bezu\u017cyteczn\u0105 chrze\u015bcijank\u0105 a wszystko dlatego, \u017ce zaniedba\u0142a\u015b t\u0119 jedn\u0105 rzecz, kt\u00f3rej ci potrzeba ( \u0141k 10:42). Tego, by codziennie by\u0107 u st\u00f3p Jezusa i s\u0142ucha\u0107 Jego s\u0142\u00f3w. B\u0105d\u017a jak Maria, wybieraj t\u0119 dobr\u0105 cz\u0105stk\u0119- <strong>wybieraj\u00a0 by\u0107 z Jezusem codziennie.<\/strong><\/span><\/span><\/p>\n","protected":false},"excerpt":{"rendered":"<p>\u201eA odpowiadaj\u0105c rzek\u0142 do niej Pan: Marto, Marto, troszczysz si\u0119 i k\u0142opoczesz o wiele rzeczy; niewiele za\u015b potrzeba, bo tylko jednego; Maria bowiem dobr\u0105 cz\u0105stk\u0119 wybra\u0142a, kt\u00f3ra nie b\u0119dzie jej odj\u0119ta.\u201d (\u0141k 10:41-42) My kobiety&hellip;<\/p>\n","protected":false},"author":1,"featured_media":0,"parent":0,"menu_order":0,"comment_status":"closed","ping_status":"closed","template":"","meta":[],"_links":{"self":[{"href":"https:\/\/dobraczastka.com.pl\/index.php\/wp-json\/wp\/v2\/pages\/6"}],"collection":[{"href":"https:\/\/dobraczastka.com.pl\/index.php\/wp-json\/wp\/v2\/pages"}],"about":[{"href":"https:\/\/dobraczastka.com.pl\/index.php\/wp-json\/wp\/v2\/types\/page"}],"author":[{"embeddable":true,"href":"https:\/\/dobraczastka.com.pl\/index.php\/wp-json\/wp\/v2\/users\/1"}],"replies":[{"embeddable":true,"href":"https:\/\/dobraczastka.com.pl\/index.php\/wp-json\/wp\/v2\/comments?post=6"}],"version-history":[{"count":40,"href":"https:\/\/dobraczastka.com.pl\/index.php\/wp-json\/wp\/v2\/pages\/6\/revisions"}],"predecessor-version":[{"id":875,"href":"https:\/\/dobraczastka.com.pl\/index.php\/wp-json\/wp\/v2\/pages\/6\/revisions\/875"}],"wp:attachment":[{"href":"https:\/\/dobraczastka.com.pl\/index.php\/wp-json\/wp\/v2\/media?parent=6"}],"curies":[{"name":"wp","href":"https:\/\/api.w.org\/{rel}","templated":true}]}}